{"id":241,"date":"2017-01-31T18:58:38","date_gmt":"2017-01-31T18:58:38","guid":{"rendered":"http:\/\/inaspang.de\/?page_id=241"},"modified":"2021-05-04T16:28:53","modified_gmt":"2021-05-04T16:28:53","slug":"ina","status":"publish","type":"page","link":"https:\/\/inaspang.de\/?page_id=241","title":{"rendered":"Ina."},"content":{"rendered":"<p><span style=\"font-family: 'Lucida Bright';\"><img data-attachment-id=\"260\" data-permalink=\"https:\/\/inaspang.de\/?attachment_id=260\" data-orig-file=\"https:\/\/i0.wp.com\/inaspang.de\/wp-content\/uploads\/2017\/01\/Ina-Spang-1.jpg?fit=968%2C1162&amp;ssl=1\" data-orig-size=\"968,1162\" data-comments-opened=\"1\" data-image-meta=\"{&quot;aperture&quot;:&quot;0&quot;,&quot;credit&quot;:&quot;&quot;,&quot;camera&quot;:&quot;&quot;,&quot;caption&quot;:&quot;&quot;,&quot;created_timestamp&quot;:&quot;0&quot;,&quot;copyright&quot;:&quot;&quot;,&quot;focal_length&quot;:&quot;0&quot;,&quot;iso&quot;:&quot;0&quot;,&quot;shutter_speed&quot;:&quot;0&quot;,&quot;title&quot;:&quot;&quot;,&quot;orientation&quot;:&quot;1&quot;}\" data-image-title=\"Ina Spang\" data-image-description=\"\" data-image-caption=\"\" data-medium-file=\"https:\/\/i0.wp.com\/inaspang.de\/wp-content\/uploads\/2017\/01\/Ina-Spang-1.jpg?fit=250%2C300&amp;ssl=1\" data-large-file=\"https:\/\/i0.wp.com\/inaspang.de\/wp-content\/uploads\/2017\/01\/Ina-Spang-1.jpg?fit=853%2C1024&amp;ssl=1\" decoding=\"async\" loading=\"lazy\" class=\"alignright size-medium wp-image-260\" src=\"https:\/\/i0.wp.com\/inaspang.de\/wp-content\/uploads\/2017\/01\/Ina-Spang-1.jpg?resize=250%2C300\" alt=\"\" width=\"250\" height=\"300\" srcset=\"https:\/\/i0.wp.com\/inaspang.de\/wp-content\/uploads\/2017\/01\/Ina-Spang-1.jpg?resize=250%2C300&amp;ssl=1 250w, https:\/\/i0.wp.com\/inaspang.de\/wp-content\/uploads\/2017\/01\/Ina-Spang-1.jpg?resize=768%2C922&amp;ssl=1 768w, https:\/\/i0.wp.com\/inaspang.de\/wp-content\/uploads\/2017\/01\/Ina-Spang-1.jpg?resize=853%2C1024&amp;ssl=1 853w, https:\/\/i0.wp.com\/inaspang.de\/wp-content\/uploads\/2017\/01\/Ina-Spang-1.jpg?resize=880%2C1056&amp;ssl=1 880w, https:\/\/i0.wp.com\/inaspang.de\/wp-content\/uploads\/2017\/01\/Ina-Spang-1.jpg?resize=220%2C264&amp;ssl=1 220w, https:\/\/i0.wp.com\/inaspang.de\/wp-content\/uploads\/2017\/01\/Ina-Spang-1.jpg?w=968&amp;ssl=1 968w\" sizes=\"(max-width: 250px) 100vw, 250px\" data-recalc-dims=\"1\" \/><\/span><\/p>\n<p><span style=\"color: #808080; font-family: 'Lucida Bright';\"><strong>Ina Spang, Musikerin, Autorin &amp; Illustratorin<\/strong> lebt in M\u00fcnchen. <\/span><\/p>\n<p><span style=\"color: #808080; font-family: 'Lucida Bright';\">Ihr Regiestudium beendete sie 2010 mit dem in Rochester (USA) pr\u00e4mierten Kurzfilm \u201eF\u00fcr Hanna.\u201c. <\/span><\/p>\n<p><span style=\"color: #808080; font-family: 'Lucida Bright';\">Als Musikerin ist Ina mit ihrer im Jahr 2006 gegr\u00fcndeten Band <a style=\"color: #808080;\" href=\"http:\/\/www.muddywhat.de\">Muddy What?<\/a> als Gitarristin und Mandolinenspielerin auf B\u00fchnen in ganz Deutschland zu Gast.<\/span><\/p>\n<p><span style=\"color: #808080; font-family: 'Lucida Bright';\">Ina schreibt Geschichten und Gedichte, f\u00fcr Kinder und f\u00fcr Erwachsene, von denen sie viele auch selbst illustriert. F\u00fcr ihre Kurzgeschichte \u201eBegegnung mit Vitja\u201c erhielt sie 2014 einen literarischen F\u00f6rderpreis. Seitdem wurden viele ihre Geschichten und Gedichte in diversen Anthologien und Gedichtb\u00e4nden publiziert. Neben Wettbewerbsauszeichnungen durfte Ina auch Einladungen zu Lesungen, u.a. im Literaturhaus Z\u00fcrich, annehmen. <\/span><span style=\"color: #808080; font-family: 'Lucida Bright';\">Seit 2018 arbeitet Ina als Autorin, Illustratorin und Online-Redakteurin beim <a style=\"color: #808080;\" href=\"http:\/\/www.ulli-verlag.de\"><strong>Ulli Verlag<\/strong><\/a>.<\/span><\/p>\n<p><a href=\"http:\/\/inaspang.de\/?page_id=209\"><span style=\"font-family: 'Lucida Bright'; color: #808080;\">KONTAKT<\/span><\/a><\/p>\n","protected":false},"excerpt":{"rendered":"<p>Ina Spang, Musikerin, Autorin &amp; Illustratorin lebt in M\u00fcnchen. Ihr Regiestudium beendete sie 2010 mit dem in Rochester (USA) pr\u00e4mierten Kurzfilm \u201eF\u00fcr Hanna.\u201c. Als Musikerin ist Ina mit ihrer im Jahr 2006 gegr\u00fcndeten Band Muddy What? als Gitarristin und Mandolinenspielerin auf B\u00fchnen in ganz Deutschland zu Gast. Ina schreibt Geschichten und Gedichte, f\u00fcr Kinder und [&hellip;]<\/p>\n","protected":false},"author":1,"featured_media":0,"parent":0,"menu_order":5,"comment_status":"closed","ping_status":"closed","template":"","meta":[],"jetpack_sharing_enabled":true,"jetpack_shortlink":"https:\/\/wp.me\/P8kUCJ-3T","jetpack-related-posts":[{"id":239,"url":"https:\/\/inaspang.de\/?page_id=239","url_meta":{"origin":241,"position":0},"title":"Illustration","author":"InaSpang","date":"Januar 31, 2017","format":false,"excerpt":"Ver\u00f6ffentlichungen: Sommer, irgendwann (2022)96 Seiten, Kurzgeschichten, Lyrik und Bildkunst von Ina SpangUlli VerlagISBN: 978-3-947926-10-7 Ausmalbuch \"Ich bin\" - Schr\u00e4ge K\u00f6pfe zum Ausmalen (2021)58-seitiges Ausmalbuch mit kleinen GeschichtenUlli Verlag Korbinian Knopf (2021)32-seitiges Bilderbuch f\u00fcr Kinder ab 3 JahrenText & Illustration: Ina SpangUlli VerlagISBN: 978-3-947926-12-1 Wenn Gedanken tanzen (2021)72-seitiger GedichtbandText: Marie Theres\u2026","rel":"","context":"\u00c4hnlicher Beitrag","block_context":{"text":"\u00c4hnlicher Beitrag","link":""},"img":{"alt_text":"","src":"https:\/\/i0.wp.com\/inaspang.de\/wp-content\/uploads\/2017\/01\/Ina-Spang-M\u00c3\u00bcnchen-Illustration-Bilderb\u00c3\u00bccher-Kinderb\u00c3\u00bccher-Jugendliteratur.jpg?resize=350%2C200","width":350,"height":200,"srcset":"https:\/\/i0.wp.com\/inaspang.de\/wp-content\/uploads\/2017\/01\/Ina-Spang-M\u00c3\u00bcnchen-Illustration-Bilderb\u00c3\u00bccher-Kinderb\u00c3\u00bccher-Jugendliteratur.jpg?resize=350%2C200 1x, https:\/\/i0.wp.com\/inaspang.de\/wp-content\/uploads\/2017\/01\/Ina-Spang-M\u00c3\u00bcnchen-Illustration-Bilderb\u00c3\u00bccher-Kinderb\u00c3\u00bccher-Jugendliteratur.jpg?resize=525%2C300 1.5x, https:\/\/i0.wp.com\/inaspang.de\/wp-content\/uploads\/2017\/01\/Ina-Spang-M\u00c3\u00bcnchen-Illustration-Bilderb\u00c3\u00bccher-Kinderb\u00c3\u00bccher-Jugendliteratur.jpg?resize=700%2C400 2x, https:\/\/i0.wp.com\/inaspang.de\/wp-content\/uploads\/2017\/01\/Ina-Spang-M\u00c3\u00bcnchen-Illustration-Bilderb\u00c3\u00bccher-Kinderb\u00c3\u00bccher-Jugendliteratur.jpg?resize=1050%2C600 3x, https:\/\/i0.wp.com\/inaspang.de\/wp-content\/uploads\/2017\/01\/Ina-Spang-M\u00c3\u00bcnchen-Illustration-Bilderb\u00c3\u00bccher-Kinderb\u00c3\u00bccher-Jugendliteratur.jpg?resize=1400%2C800 4x"},"classes":[]},{"id":207,"url":"https:\/\/inaspang.de\/?page_id=207","url_meta":{"origin":241,"position":1},"title":"Impressum","author":"InaSpang","date":"Januar 29, 2017","format":false,"excerpt":"Angaben gem\u00e4\u00df \u00a7 5 TMG: INA SPANG | Donnersbergerstr. 53 | 80634 M\u00fcnchen | ina[at]muddywhat[punkt]de Umsatzsteuer-Identifikationsnummer gem\u00e4\u00df \u00a7\u00a027 a Umsatzsteuergesetz: DE271703751 HAFTUNGSAUSSCHLUSS (DISCLAIMER) Haftung f\u00fcr Inhalte Als Diensteanbieter sind wir gem\u00e4\u00df \u00a7 7 Abs.1 TMG f\u00fcr eigene Inhalte auf diesen Seiten nach den allgemeinen Gesetzen verantwortlich. Nach \u00a7\u00a7 8 bis\u2026","rel":"","context":"\u00c4hnlicher Beitrag","block_context":{"text":"\u00c4hnlicher Beitrag","link":""},"img":{"alt_text":"","src":"","width":0,"height":0},"classes":[]},{"id":237,"url":"https:\/\/inaspang.de\/?page_id=237","url_meta":{"origin":241,"position":2},"title":"Kinder- &#038; Jugendliteratur","author":"InaSpang","date":"Januar 31, 2017","format":false,"excerpt":"Ver\u00f6ffentlichungen: Korbinian Knopf (2021)32-seitiges Bilderbuch f\u00fcr Kinder ab 3 JahrenText & Illustration: Ina SpangUlli VerlagISBN: 978-3-947926-12-1 Ausmalbuch \"Ich bin\" - Schr\u00e4ge K\u00f6pfe zum Ausmalen (2021)58-seitiges Ausmalbuch mit kleinen GeschichtenUlli Verlag Rhino sucht ein neues Zuhause (2018)32-seitiges Bilderbuch f\u00fcr Kinder ab 3 JahrenText & Illustration: Ina SpangUlli VerlagISBN: 978-3-947926-04-6 Dann &\u2026","rel":"","context":"\u00c4hnlicher Beitrag","block_context":{"text":"\u00c4hnlicher Beitrag","link":""},"img":{"alt_text":"","src":"https:\/\/i0.wp.com\/inaspang.de\/wp-content\/uploads\/2017\/01\/Ina-Spang-M\u00c3\u00bcnchen-Autorin-Kinderb\u00c3\u00bccher-Jugendliteratur.jpg?resize=350%2C200","width":350,"height":200,"srcset":"https:\/\/i0.wp.com\/inaspang.de\/wp-content\/uploads\/2017\/01\/Ina-Spang-M\u00c3\u00bcnchen-Autorin-Kinderb\u00c3\u00bccher-Jugendliteratur.jpg?resize=350%2C200 1x, https:\/\/i0.wp.com\/inaspang.de\/wp-content\/uploads\/2017\/01\/Ina-Spang-M\u00c3\u00bcnchen-Autorin-Kinderb\u00c3\u00bccher-Jugendliteratur.jpg?resize=525%2C300 1.5x, https:\/\/i0.wp.com\/inaspang.de\/wp-content\/uploads\/2017\/01\/Ina-Spang-M\u00c3\u00bcnchen-Autorin-Kinderb\u00c3\u00bccher-Jugendliteratur.jpg?resize=700%2C400 2x, https:\/\/i0.wp.com\/inaspang.de\/wp-content\/uploads\/2017\/01\/Ina-Spang-M\u00c3\u00bcnchen-Autorin-Kinderb\u00c3\u00bccher-Jugendliteratur.jpg?resize=1050%2C600 3x, https:\/\/i0.wp.com\/inaspang.de\/wp-content\/uploads\/2017\/01\/Ina-Spang-M\u00c3\u00bcnchen-Autorin-Kinderb\u00c3\u00bccher-Jugendliteratur.jpg?resize=1400%2C800 4x"},"classes":[]},{"id":315,"url":"https:\/\/inaspang.de\/?page_id=315","url_meta":{"origin":241,"position":3},"title":"Datenschutzerkl\u00e4rung","author":"InaSpang","date":"Mai 25, 2018","format":false,"excerpt":"Datenschutzerkl\u00e4rung Diese Datenschutzerkl\u00e4rung kl\u00e4rt Sie \u00fcber die Art, den Umfang und Zweck der Verarbeitung von personenbezogenen Daten (nachfolgend kurz \u201eDaten\u201c) innerhalb unseres Onlineangebotes und der mit ihm verbundenen Webseiten, Funktionen und Inhalte sowie externen Onlinepr\u00e4senzen, wie z.B. unser Social Media Profile auf (nachfolgend gemeinsam bezeichnet als \u201eOnlineangebot\u201c). Im Hinblick auf\u2026","rel":"","context":"\u00c4hnlicher Beitrag","block_context":{"text":"\u00c4hnlicher Beitrag","link":""},"img":{"alt_text":"","src":"","width":0,"height":0},"classes":[]},{"id":233,"url":"https:\/\/inaspang.de\/?page_id=233","url_meta":{"origin":241,"position":4},"title":"Prosa","author":"InaSpang","date":"Januar 31, 2017","format":false,"excerpt":"Ver\u00f6ffentlichungen: Sommer, irgendwann (2022) Kurzgeschichten, Lyrik und Bildkunst von Ina Spang Ulli Verlag ISBN: 978-3-947926-10-7 Zeitentanz\u00a0(2017) mit Wenn der Wind schlecht steht herausgegeben von Stephanie Mattner ISBN: 978-3-7448-3352-3 2. Bubenreuther Literaturwettbewerb (2016) mit Gelbe Punkte treditionVerlag, Hrsg. Christoph-Maria Liegener ISBN: 978-3-7345-6223-5 Texte des Monats 2016 (2016) mit Es wird morgen\u2026","rel":"","context":"\u00c4hnlicher Beitrag","block_context":{"text":"\u00c4hnlicher Beitrag","link":""},"img":{"alt_text":"","src":"https:\/\/i0.wp.com\/inaspang.de\/wp-content\/uploads\/2017\/01\/Ina-Spang-Prosa-M\u00c3\u00bcnchen-Autorin-Kurzgeschichtent.jpg?resize=350%2C200","width":350,"height":200,"srcset":"https:\/\/i0.wp.com\/inaspang.de\/wp-content\/uploads\/2017\/01\/Ina-Spang-Prosa-M\u00c3\u00bcnchen-Autorin-Kurzgeschichtent.jpg?resize=350%2C200 1x, https:\/\/i0.wp.com\/inaspang.de\/wp-content\/uploads\/2017\/01\/Ina-Spang-Prosa-M\u00c3\u00bcnchen-Autorin-Kurzgeschichtent.jpg?resize=525%2C300 1.5x, https:\/\/i0.wp.com\/inaspang.de\/wp-content\/uploads\/2017\/01\/Ina-Spang-Prosa-M\u00c3\u00bcnchen-Autorin-Kurzgeschichtent.jpg?resize=700%2C400 2x, https:\/\/i0.wp.com\/inaspang.de\/wp-content\/uploads\/2017\/01\/Ina-Spang-Prosa-M\u00c3\u00bcnchen-Autorin-Kurzgeschichtent.jpg?resize=1050%2C600 3x, https:\/\/i0.wp.com\/inaspang.de\/wp-content\/uploads\/2017\/01\/Ina-Spang-Prosa-M\u00c3\u00bcnchen-Autorin-Kurzgeschichtent.jpg?resize=1400%2C800 4x"},"classes":[]},{"id":231,"url":"https:\/\/inaspang.de\/?page_id=231","url_meta":{"origin":241,"position":5},"title":"Lyrik","author":"InaSpang","date":"Januar 31, 2017","format":false,"excerpt":"Ver\u00f6ffentlichungen: Sommer, irgendwann (2022) Kurzgeschichten, Lyrik und Bildkunst von Ina Spang Ulli Verlag ISBN: 978-3-947926-10-7 Jedem Anfang (2020) mit Eimer voller L\u00f6cher herausgegeben von Stephanie Mattner & Nadja Feischner ISBN: 978-3-7519-2141-1 Gefangensein - Drinnen & Drau\u00dfen\u00a0(2018) mit Farboasen muc Verlag Aufgehen in Dir (2016) mit\u00a0Aus Natur, zerw\u00fchlt\u00a0&\u00a0Zwischen fremden Orten herausgegeben\u2026","rel":"","context":"\u00c4hnlicher Beitrag","block_context":{"text":"\u00c4hnlicher Beitrag","link":""},"img":{"alt_text":"","src":"https:\/\/i0.wp.com\/inaspang.de\/wp-content\/uploads\/2017\/01\/Ina-Spang-Lyrik-M\u00c3\u00bcnchen-Autorin-Gedicht.jpg?resize=350%2C200","width":350,"height":200,"srcset":"https:\/\/i0.wp.com\/inaspang.de\/wp-content\/uploads\/2017\/01\/Ina-Spang-Lyrik-M\u00c3\u00bcnchen-Autorin-Gedicht.jpg?resize=350%2C200 1x, https:\/\/i0.wp.com\/inaspang.de\/wp-content\/uploads\/2017\/01\/Ina-Spang-Lyrik-M\u00c3\u00bcnchen-Autorin-Gedicht.jpg?resize=525%2C300 1.5x, https:\/\/i0.wp.com\/inaspang.de\/wp-content\/uploads\/2017\/01\/Ina-Spang-Lyrik-M\u00c3\u00bcnchen-Autorin-Gedicht.jpg?resize=700%2C400 2x, https:\/\/i0.wp.com\/inaspang.de\/wp-content\/uploads\/2017\/01\/Ina-Spang-Lyrik-M\u00c3\u00bcnchen-Autorin-Gedicht.jpg?resize=1050%2C600 3x, https:\/\/i0.wp.com\/inaspang.de\/wp-content\/uploads\/2017\/01\/Ina-Spang-Lyrik-M\u00c3\u00bcnchen-Autorin-Gedicht.jpg?resize=1400%2C800 4x"},"classes":[]}],"_links":{"self":[{"href":"https:\/\/inaspang.de\/index.php?rest_route=\/wp\/v2\/pages\/241"}],"collection":[{"href":"https:\/\/inaspang.de\/index.php?rest_route=\/wp\/v2\/pages"}],"about":[{"href":"https:\/\/inaspang.de\/index.php?rest_route=\/wp\/v2\/types\/page"}],"author":[{"embeddable":true,"href":"https:\/\/inaspang.de\/index.php?rest_route=\/wp\/v2\/users\/1"}],"replies":[{"embeddable":true,"href":"https:\/\/inaspang.de\/index.php?rest_route=%2Fwp%2Fv2%2Fcomments&post=241"}],"version-history":[{"count":14,"href":"https:\/\/inaspang.de\/index.php?rest_route=\/wp\/v2\/pages\/241\/revisions"}],"predecessor-version":[{"id":567,"href":"https:\/\/inaspang.de\/index.php?rest_route=\/wp\/v2\/pages\/241\/revisions\/567"}],"wp:attachment":[{"href":"https:\/\/inaspang.de\/index.php?rest_route=%2Fwp%2Fv2%2Fmedia&parent=241"}],"curies":[{"name":"wp","href":"https:\/\/api.w.org\/{rel}","templated":true}]}}